{"id":285,"date":"2021-12-11T09:25:04","date_gmt":"2021-12-11T08:25:04","guid":{"rendered":"http:\/\/mathilde-kaori.fr\/?page_id=285"},"modified":"2025-12-18T20:52:37","modified_gmt":"2025-12-18T19:52:37","slug":"bio","status":"publish","type":"page","link":"http:\/\/mathilde-kaori.fr\/?page_id=285","title":{"rendered":"Bio"},"content":{"rendered":"\n<figure class=\"wp-block-image size-large\"><img data-recalc-dims=\"1\" loading=\"lazy\" decoding=\"async\" width=\"525\" height=\"787\" src=\"https:\/\/i0.wp.com\/mathilde-kaori.fr\/wp-content\/uploads\/2021\/12\/Mathilde_Portrait-2.jpg?resize=525%2C787\" alt=\"\" class=\"wp-image-289\" srcset=\"https:\/\/i0.wp.com\/mathilde-kaori.fr\/wp-content\/uploads\/2021\/12\/Mathilde_Portrait-2.jpg?resize=683%2C1024 683w, https:\/\/i0.wp.com\/mathilde-kaori.fr\/wp-content\/uploads\/2021\/12\/Mathilde_Portrait-2.jpg?resize=200%2C300 200w, https:\/\/i0.wp.com\/mathilde-kaori.fr\/wp-content\/uploads\/2021\/12\/Mathilde_Portrait-2.jpg?resize=768%2C1152 768w, https:\/\/i0.wp.com\/mathilde-kaori.fr\/wp-content\/uploads\/2021\/12\/Mathilde_Portrait-2.jpg?resize=1024%2C1536 1024w, https:\/\/i0.wp.com\/mathilde-kaori.fr\/wp-content\/uploads\/2021\/12\/Mathilde_Portrait-2.jpg?w=1280 1280w\" sizes=\"auto, (max-width: 525px) 100vw, 525px\" \/><figcaption class=\"wp-element-caption\">cr\u00e9dits photo : Ghisl\u00e8ne Ghoura\u00efb<\/figcaption><\/figure>\n\n\n\n<p><br><strong>Kaori<\/strong> signifie en japonais \u00ab&nbsp;tissu parfum\u00e9&nbsp;\u00bb. Elle nous conte les liens nou\u00e9s et d\u00e9nou\u00e9s au gr\u00e9 des rencontres. Lorsque l\u2019on \u00e9coute les chansons de Mathilde, elles s\u2019accrochent \u00e0 nos oreilles \u00e0 la fa\u00e7on du murmure de la brise printani\u00e8re sur un cerisier en fleurs. Virtuose de la guitare classique, on se hisse sur la pointe des pieds pour cueillir le fruit rond de ses notes, qu\u2019on imagine issues d\u2019un pr\u00e9lude de Jean-S\u00e9bastien Bach. On saisit au coin de son geste de velours le souffle intime de Barbara. On devine, entre les lignes de ses mots en p\u00e9tales, le sentiment baudelairien et la nouvelle de Maupassant. Les chansons de Mathilde Kaori sont aussi g\u00e9n\u00e9reuses qu\u2019un ch\u00e2le de soie pos\u00e9 sur les \u00e9paules un soir d\u2019automne. Et quand l\u2019hiver frappe \u00e0 la porte, elle balaie les vents glaciaux \u00e0 coups d\u2019accords emprunts de m\u00e9lancolie. Au fil des saisons, des blessures et des gu\u00e9risons, on peut l\u2019apercevoir dans l\u2019intimit\u00e9 d\u2019un concert au coin du feu, tout autant que sous la chaleur estivale des lumi\u00e8res de la sc\u00e8ne francophone. Mathilde, la force et la combativit\u00e9. Kaori, la finesse du tissu brod\u00e9.<\/p>\n\n\n\n<p>Prix \/ Concours :<\/p>\n\n\n\n<p>2025<\/p>\n\n\n\n<p>Grand prix des Agit\u00e9s du M\u00e9lange<\/p>\n\n\n\n<p>Prix de la Chanson Originale (Festival de la chanson fran\u00e7aise d&rsquo;Avignon)<\/p>\n\n\n\n<p>1er prix du concours Chanson de Paroles (Festiv&rsquo;en Marche) <\/p>\n\n\n\n<p>2024 <\/p>\n\n\n\n<p>Prix du jury au concours De la Plume \u00e0 la Sc\u00e8ne (La Craie des Chants, Lillebonne)<\/p>\n\n\n\n<p>2020 <\/p>\n\n\n\n<p>Prix des artistes et grand prix au Concours de la chanson avec titre impos\u00e9 \u00ab\u00a0Confin\u00e9.e avec toi\u00a0\u00bb<\/p>\n\n\n\n<p><\/p>\n","protected":false},"excerpt":{"rendered":"<p>Kaori signifie en japonais \u00ab&nbsp;tissu parfum\u00e9&nbsp;\u00bb. Elle nous conte les liens nou\u00e9s et d\u00e9nou\u00e9s au gr\u00e9 des rencontres. Lorsque l\u2019on \u00e9coute les chansons de Mathilde, elles s\u2019accrochent \u00e0 nos oreilles \u00e0 la fa\u00e7on du murmure de la brise printani\u00e8re sur un cerisier en fleurs. Virtuose de la guitare classique, on se hisse sur la pointe &hellip; <\/p>\n<p class=\"link-more\"><a href=\"http:\/\/mathilde-kaori.fr\/?page_id=285\" class=\"more-link\">Continuer la lecture<span class=\"screen-reader-text\"> de &laquo;&nbsp;Bio&nbsp;&raquo;<\/span><\/a><\/p>\n","protected":false},"author":1,"featured_media":0,"parent":0,"menu_order":0,"comment_status":"closed","ping_status":"closed","template":"","meta":{"footnotes":""},"class_list":["post-285","page","type-page","status-publish","hentry"],"jetpack_sharing_enabled":true,"_links":{"self":[{"href":"http:\/\/mathilde-kaori.fr\/index.php?rest_route=\/wp\/v2\/pages\/285","targetHints":{"allow":["GET"]}}],"collection":[{"href":"http:\/\/mathilde-kaori.fr\/index.php?rest_route=\/wp\/v2\/pages"}],"about":[{"href":"http:\/\/mathilde-kaori.fr\/index.php?rest_route=\/wp\/v2\/types\/page"}],"author":[{"embeddable":true,"href":"http:\/\/mathilde-kaori.fr\/index.php?rest_route=\/wp\/v2\/users\/1"}],"replies":[{"embeddable":true,"href":"http:\/\/mathilde-kaori.fr\/index.php?rest_route=%2Fwp%2Fv2%2Fcomments&post=285"}],"version-history":[{"count":10,"href":"http:\/\/mathilde-kaori.fr\/index.php?rest_route=\/wp\/v2\/pages\/285\/revisions"}],"predecessor-version":[{"id":949,"href":"http:\/\/mathilde-kaori.fr\/index.php?rest_route=\/wp\/v2\/pages\/285\/revisions\/949"}],"wp:attachment":[{"href":"http:\/\/mathilde-kaori.fr\/index.php?rest_route=%2Fwp%2Fv2%2Fmedia&parent=285"}],"curies":[{"name":"wp","href":"https:\/\/api.w.org\/{rel}","templated":true}]}}